{"id":146,"date":"2021-03-08T13:15:31","date_gmt":"2021-03-08T12:15:31","guid":{"rendered":"https:\/\/khbr.at\/karriere\/?page_id=146"},"modified":"2022-07-19T11:36:17","modified_gmt":"2022-07-19T09:36:17","slug":"impressum","status":"publish","type":"page","link":"https:\/\/khbr.at\/karriere\/impressum\/","title":{"rendered":"Impressum"},"content":{"rendered":"\t\t<div data-elementor-type=\"wp-page\" data-elementor-id=\"146\" class=\"elementor elementor-146\" data-elementor-post-type=\"page\">\n\t\t\t\t\t\t<section class=\"elementor-section elementor-top-section elementor-element elementor-element-15f109c elementor-section-boxed elementor-section-height-default elementor-section-height-default\" data-id=\"15f109c\" data-element_type=\"section\">\n\t\t\t\t\t\t<div class=\"elementor-container elementor-column-gap-default\">\n\t\t\t\t\t<div class=\"elementor-column elementor-col-100 elementor-top-column elementor-element elementor-element-7f3b6f21\" data-id=\"7f3b6f21\" data-element_type=\"column\">\n\t\t\t<div class=\"elementor-widget-wrap elementor-element-populated\">\n\t\t\t\t\t\t<div class=\"elementor-element elementor-element-968947c elementor-widget elementor-widget-heading\" data-id=\"968947c\" data-element_type=\"widget\" data-widget_type=\"heading.default\">\n\t\t\t\t<div class=\"elementor-widget-container\">\n\t\t\t<h1 class=\"elementor-heading-title elementor-size-default\">IMPRESSUM<\/h1>\t\t<\/div>\n\t\t\t\t<\/div>\n\t\t\t\t<div class=\"elementor-element elementor-element-238d2d19 elementor-widget elementor-widget-text-editor\" data-id=\"238d2d19\" data-element_type=\"widget\" data-widget_type=\"text-editor.default\">\n\t\t\t\t<div class=\"elementor-widget-container\">\n\t\t\t\t\t\t\t<!-- wp:paragraph -->\n<p>A.\u00f6. Krankenhaus St. Josef Braunau GmbH<br \/>Ringstra\u00dfe 60<br \/>A-5280 BraunauTel.: +43 7722 \/ 804-0<\/p>\n<p>\u00a0<\/p>\n<!-- \/wp:paragraph --><!-- wp:paragraph -->\n<p>Fax: +43 7722 \/ 804-11<br \/>E-Mail:\u00a0<a href=\"mailto:office@khbr.at\">office@khbr.at<\/a><\/p>\n<p>\u00a0<\/p>\n<!-- \/wp:paragraph --><!-- wp:paragraph -->\n<p>FN 198201y, Landesgericht Ried im Innkreis<br \/>UID: ATU 50306501<\/p>\n<p>\u00a0<\/p>\n<!-- \/wp:paragraph --><!-- wp:paragraph -->\n<p>Zust\u00e4ndige Aufsichtsbeh\u00f6rde: Amt der Ober\u00f6sterreichischen Landesregierung, Abteilung Sanit\u00e4ts- und Veterin\u00e4rrecht<\/p>\n<p><br \/><a href=\"http:\/\/www.ris.bka.gv.at\/taweb-cgi\/taweb?x=d&amp;o=l&amp;v=lroo&amp;db=LROO&amp;q={$QUERY}&amp;sl=1500&amp;t=doc2.tmpl&amp;s=(20051231%3E=IDAT%20und%2020051231%3C=ADAT)%20und%20(10000568):GESNR%20und%20(0):PARA&amp;s=LROO%C3%BFSORT+%C3%BF(20051231%3E=IDAT%20und%2020051231%3C=ADAT)%20und%20(10000568):GESNR%20und%20nicht%20(0):PARA\" target=\"_blank\" rel=\"noreferrer noopener\">O\u00d6. Krankenanstaltengesetz<\/a><\/p>\n<p>\u00a0<\/p>\n<!-- \/wp:paragraph --><!-- wp:paragraph -->\n<p><strong>Rechtstr\u00e4ger<\/strong>\u00a0des A.\u00f6. Krankenhauses St. Josef Braunau ist die A.\u00f6. Krankenhaus St. Josef Braunau GmbH.<\/p>\n<p>\u00a0<\/p>\n<!-- \/wp:paragraph --><!-- wp:paragraph -->\n<p><strong>Gesch\u00e4ftsf\u00fchrung<\/strong><br \/>Dipl.- KH-BW Erwin Windischbauer, MAS<\/p>\n<p>\u00a0<\/p>\n<!-- \/wp:paragraph --><!-- wp:paragraph -->\n<p><strong>Eigent\u00fcmer<\/strong><br \/>TAU.GRUPPE.V\u00d6CKLABRUCK<br \/>Holding der Franziskanerinnen von V\u00f6cklabruck GmbH<br \/>Gesch\u00e4ftsf\u00fchrer: Dr. Johann Stroblmair, Dipl.- KH-BW Erwin Windischbauer, MAS<\/p>\n<!-- \/wp:paragraph --><!-- wp:paragraph --><!-- \/wp:paragraph --><!-- wp:paragraph --><!-- \/wp:paragraph -->\t\t\t\t\t\t<\/div>\n\t\t\t\t<\/div>\n\t\t\t\t\t<\/div>\n\t\t<\/div>\n\t\t\t\t\t<\/div>\n\t\t<\/section>\n\t\t\t\t<\/div>\n\t\t","protected":false},"excerpt":{"rendered":"<p>IMPRESSUM A.\u00f6. Krankenhaus St. Josef Braunau GmbHRingstra\u00dfe 60A-5280 BraunauTel.: +43 7722 \/ 804-0 \u00a0 Fax: +43 7722 \/ 804-11E-Mail:\u00a0office@khbr.at \u00a0 FN 198201y, Landesgericht Ried im InnkreisUID: ATU 50306501 \u00a0 Zust\u00e4ndige Aufsichtsbeh\u00f6rde: Amt der Ober\u00f6sterreichischen Landesregierung, Abteilung Sanit\u00e4ts- und Veterin\u00e4rrecht O\u00d6. Krankenanstaltengesetz \u00a0 Rechtstr\u00e4ger\u00a0des A.\u00f6. Krankenhauses St. Josef Braunau ist die A.\u00f6. Krankenhaus St. Josef Braunau[&#8230;]<\/p>\n","protected":false},"author":1,"featured_media":0,"parent":0,"menu_order":0,"comment_status":"closed","ping_status":"closed","template":"page.php","meta":{"_acf_changed":false,"footnotes":""},"class_list":["post-146","page","type-page","status-publish","hentry"],"acf":[],"yoast_head":"<!-- This site is optimized with the Yoast SEO plugin v23.8 - https:\/\/yoast.com\/wordpress\/plugins\/seo\/ -->\n<title>Impressum - Krankenhaus Braunau<\/title>\n<meta name=\"robots\" content=\"index, follow, max-snippet:-1, max-image-preview:large, max-video-preview:-1\" \/>\n<link rel=\"canonical\" href=\"https:\/\/khbr.at\/karriere\/impressum\/\" \/>\n<meta property=\"og:locale\" content=\"de_DE\" \/>\n<meta property=\"og:type\" content=\"article\" \/>\n<meta property=\"og:title\" content=\"Impressum - Krankenhaus Braunau\" \/>\n<meta property=\"og:description\" content=\"IMPRESSUM A.\u00f6. Krankenhaus St. Josef Braunau GmbHRingstra\u00dfe 60A-5280 BraunauTel.: +43 7722 \/ 804-0 \u00a0 Fax: +43 7722 \/ 804-11E-Mail:\u00a0office@khbr.at \u00a0 FN 198201y, Landesgericht Ried im InnkreisUID: ATU 50306501 \u00a0 Zust\u00e4ndige Aufsichtsbeh\u00f6rde: Amt der Ober\u00f6sterreichischen Landesregierung, Abteilung Sanit\u00e4ts- und Veterin\u00e4rrecht O\u00d6. Krankenanstaltengesetz \u00a0 Rechtstr\u00e4ger\u00a0des A.\u00f6. Krankenhauses St. Josef Braunau ist die A.\u00f6. Krankenhaus St. Josef Braunau[...]\" \/>\n<meta property=\"og:url\" content=\"https:\/\/khbr.at\/karriere\/impressum\/\" \/>\n<meta property=\"og:site_name\" content=\"Krankenhaus Braunau\" \/>\n<meta property=\"article:modified_time\" content=\"2022-07-19T09:36:17+00:00\" \/>\n<meta name=\"twitter:card\" content=\"summary_large_image\" \/>\n<meta name=\"twitter:label1\" content=\"Gesch\u00e4tzte Lesezeit\" \/>\n\t<meta name=\"twitter:data1\" content=\"1\u00a0Minute\" \/>\n<script type=\"application\/ld+json\" class=\"yoast-schema-graph\">{\"@context\":\"https:\/\/schema.org\",\"@graph\":[{\"@type\":\"WebPage\",\"@id\":\"https:\/\/khbr.at\/karriere\/impressum\/\",\"url\":\"https:\/\/khbr.at\/karriere\/impressum\/\",\"name\":\"Impressum - Krankenhaus Braunau\",\"isPartOf\":{\"@id\":\"https:\/\/khbr.at\/karriere\/#website\"},\"datePublished\":\"2021-03-08T12:15:31+00:00\",\"dateModified\":\"2022-07-19T09:36:17+00:00\",\"breadcrumb\":{\"@id\":\"https:\/\/khbr.at\/karriere\/impressum\/#breadcrumb\"},\"inLanguage\":\"de\",\"potentialAction\":[{\"@type\":\"ReadAction\",\"target\":[\"https:\/\/khbr.at\/karriere\/impressum\/\"]}]},{\"@type\":\"BreadcrumbList\",\"@id\":\"https:\/\/khbr.at\/karriere\/impressum\/#breadcrumb\",\"itemListElement\":[{\"@type\":\"ListItem\",\"position\":1,\"name\":\"Startseite\",\"item\":\"https:\/\/khbr.at\/karriere\/\"},{\"@type\":\"ListItem\",\"position\":2,\"name\":\"Impressum\"}]},{\"@type\":\"WebSite\",\"@id\":\"https:\/\/khbr.at\/karriere\/#website\",\"url\":\"https:\/\/khbr.at\/karriere\/\",\"name\":\"Krankenhaus Braunau\",\"description\":\"\",\"publisher\":{\"@id\":\"https:\/\/khbr.at\/karriere\/#organization\"},\"potentialAction\":[{\"@type\":\"SearchAction\",\"target\":{\"@type\":\"EntryPoint\",\"urlTemplate\":\"https:\/\/khbr.at\/karriere\/?s={search_term_string}\"},\"query-input\":{\"@type\":\"PropertyValueSpecification\",\"valueRequired\":true,\"valueName\":\"search_term_string\"}}],\"inLanguage\":\"de\"},{\"@type\":\"Organization\",\"@id\":\"https:\/\/khbr.at\/karriere\/#organization\",\"name\":\"Krankenhaus Braunau\",\"url\":\"https:\/\/khbr.at\/karriere\/\",\"logo\":{\"@type\":\"ImageObject\",\"inLanguage\":\"de\",\"@id\":\"https:\/\/khbr.at\/karriere\/#\/schema\/logo\/image\/\",\"url\":\"https:\/\/khbr.at\/karriere\/wp-content\/uploads\/2021\/03\/Unbenannt-1.jpg\",\"contentUrl\":\"https:\/\/khbr.at\/karriere\/wp-content\/uploads\/2021\/03\/Unbenannt-1.jpg\",\"width\":600,\"height\":418,\"caption\":\"Krankenhaus Braunau\"},\"image\":{\"@id\":\"https:\/\/khbr.at\/karriere\/#\/schema\/logo\/image\/\"}}]}<\/script>\n<!-- \/ Yoast SEO plugin. -->","yoast_head_json":{"title":"Impressum - Krankenhaus Braunau","robots":{"index":"index","follow":"follow","max-snippet":"max-snippet:-1","max-image-preview":"max-image-preview:large","max-video-preview":"max-video-preview:-1"},"canonical":"https:\/\/khbr.at\/karriere\/impressum\/","og_locale":"de_DE","og_type":"article","og_title":"Impressum - Krankenhaus Braunau","og_description":"IMPRESSUM A.\u00f6. Krankenhaus St. Josef Braunau GmbHRingstra\u00dfe 60A-5280 BraunauTel.: +43 7722 \/ 804-0 \u00a0 Fax: +43 7722 \/ 804-11E-Mail:\u00a0office@khbr.at \u00a0 FN 198201y, Landesgericht Ried im InnkreisUID: ATU 50306501 \u00a0 Zust\u00e4ndige Aufsichtsbeh\u00f6rde: Amt der Ober\u00f6sterreichischen Landesregierung, Abteilung Sanit\u00e4ts- und Veterin\u00e4rrecht O\u00d6. Krankenanstaltengesetz \u00a0 Rechtstr\u00e4ger\u00a0des A.\u00f6. Krankenhauses St. Josef Braunau ist die A.\u00f6. Krankenhaus St. Josef Braunau[...]","og_url":"https:\/\/khbr.at\/karriere\/impressum\/","og_site_name":"Krankenhaus Braunau","article_modified_time":"2022-07-19T09:36:17+00:00","twitter_card":"summary_large_image","twitter_misc":{"Gesch\u00e4tzte Lesezeit":"1\u00a0Minute"},"schema":{"@context":"https:\/\/schema.org","@graph":[{"@type":"WebPage","@id":"https:\/\/khbr.at\/karriere\/impressum\/","url":"https:\/\/khbr.at\/karriere\/impressum\/","name":"Impressum - Krankenhaus Braunau","isPartOf":{"@id":"https:\/\/khbr.at\/karriere\/#website"},"datePublished":"2021-03-08T12:15:31+00:00","dateModified":"2022-07-19T09:36:17+00:00","breadcrumb":{"@id":"https:\/\/khbr.at\/karriere\/impressum\/#breadcrumb"},"inLanguage":"de","potentialAction":[{"@type":"ReadAction","target":["https:\/\/khbr.at\/karriere\/impressum\/"]}]},{"@type":"BreadcrumbList","@id":"https:\/\/khbr.at\/karriere\/impressum\/#breadcrumb","itemListElement":[{"@type":"ListItem","position":1,"name":"Startseite","item":"https:\/\/khbr.at\/karriere\/"},{"@type":"ListItem","position":2,"name":"Impressum"}]},{"@type":"WebSite","@id":"https:\/\/khbr.at\/karriere\/#website","url":"https:\/\/khbr.at\/karriere\/","name":"Krankenhaus Braunau","description":"","publisher":{"@id":"https:\/\/khbr.at\/karriere\/#organization"},"potentialAction":[{"@type":"SearchAction","target":{"@type":"EntryPoint","urlTemplate":"https:\/\/khbr.at\/karriere\/?s={search_term_string}"},"query-input":{"@type":"PropertyValueSpecification","valueRequired":true,"valueName":"search_term_string"}}],"inLanguage":"de"},{"@type":"Organization","@id":"https:\/\/khbr.at\/karriere\/#organization","name":"Krankenhaus Braunau","url":"https:\/\/khbr.at\/karriere\/","logo":{"@type":"ImageObject","inLanguage":"de","@id":"https:\/\/khbr.at\/karriere\/#\/schema\/logo\/image\/","url":"https:\/\/khbr.at\/karriere\/wp-content\/uploads\/2021\/03\/Unbenannt-1.jpg","contentUrl":"https:\/\/khbr.at\/karriere\/wp-content\/uploads\/2021\/03\/Unbenannt-1.jpg","width":600,"height":418,"caption":"Krankenhaus Braunau"},"image":{"@id":"https:\/\/khbr.at\/karriere\/#\/schema\/logo\/image\/"}}]}},"_links":{"self":[{"href":"https:\/\/khbr.at\/karriere\/wp-json\/wp\/v2\/pages\/146"}],"collection":[{"href":"https:\/\/khbr.at\/karriere\/wp-json\/wp\/v2\/pages"}],"about":[{"href":"https:\/\/khbr.at\/karriere\/wp-json\/wp\/v2\/types\/page"}],"author":[{"embeddable":true,"href":"https:\/\/khbr.at\/karriere\/wp-json\/wp\/v2\/users\/1"}],"replies":[{"embeddable":true,"href":"https:\/\/khbr.at\/karriere\/wp-json\/wp\/v2\/comments?post=146"}],"version-history":[{"count":16,"href":"https:\/\/khbr.at\/karriere\/wp-json\/wp\/v2\/pages\/146\/revisions"}],"predecessor-version":[{"id":7050,"href":"https:\/\/khbr.at\/karriere\/wp-json\/wp\/v2\/pages\/146\/revisions\/7050"}],"wp:attachment":[{"href":"https:\/\/khbr.at\/karriere\/wp-json\/wp\/v2\/media?parent=146"}],"curies":[{"name":"wp","href":"https:\/\/api.w.org\/{rel}","templated":true}]}}