{"id":3,"date":"2021-02-22T09:24:13","date_gmt":"2021-02-22T08:24:13","guid":{"rendered":"https:\/\/khbr.at\/karriere\/?page_id=3"},"modified":"2024-07-15T09:21:55","modified_gmt":"2024-07-15T07:21:55","slug":"datenschutzerklaerung","status":"publish","type":"page","link":"https:\/\/khbr.at\/karriere\/datenschutzerklaerung\/","title":{"rendered":"Datenschutzerkl\u00e4rung"},"content":{"rendered":"\t\t<div data-elementor-type=\"wp-page\" data-elementor-id=\"3\" class=\"elementor elementor-3\" data-elementor-post-type=\"page\">\n\t\t\t\t\t\t<section class=\"elementor-section elementor-top-section elementor-element elementor-element-f95d016 elementor-section-boxed elementor-section-height-default elementor-section-height-default\" data-id=\"f95d016\" data-element_type=\"section\">\n\t\t\t\t\t\t<div class=\"elementor-container elementor-column-gap-default\">\n\t\t\t\t\t<div class=\"elementor-column elementor-col-100 elementor-top-column elementor-element elementor-element-bae7064\" data-id=\"bae7064\" data-element_type=\"column\">\n\t\t\t<div class=\"elementor-widget-wrap elementor-element-populated\">\n\t\t\t\t\t\t<div class=\"elementor-element elementor-element-4793e80 elementor-widget elementor-widget-heading\" data-id=\"4793e80\" data-element_type=\"widget\" data-widget_type=\"heading.default\">\n\t\t\t\t<div class=\"elementor-widget-container\">\n\t\t\t<h1 class=\"elementor-heading-title elementor-size-default\">DATENSCHUTZERKL\u00c4RUNG<\/h1>\t\t<\/div>\n\t\t\t\t<\/div>\n\t\t\t\t<div class=\"elementor-element elementor-element-c9ee0b8 elementor-widget elementor-widget-breadcrumbs\" data-id=\"c9ee0b8\" data-element_type=\"widget\" data-widget_type=\"breadcrumbs.default\">\n\t\t\t\t<div class=\"elementor-widget-container\">\n\t\t\t<p id=\"breadcrumbs\"><span><span><a href=\"https:\/\/khbr.at\/karriere\/\">Startseite<\/a><\/span><\/span><\/p>\t\t<\/div>\n\t\t\t\t<\/div>\n\t\t\t\t\t<\/div>\n\t\t<\/div>\n\t\t\t\t\t<\/div>\n\t\t<\/section>\n\t\t\t\t<section class=\"elementor-section elementor-top-section elementor-element elementor-element-a2b10ec elementor-section-boxed elementor-section-height-default elementor-section-height-default\" data-id=\"a2b10ec\" data-element_type=\"section\">\n\t\t\t\t\t\t<div class=\"elementor-container elementor-column-gap-default\">\n\t\t\t\t\t<div class=\"elementor-column elementor-col-100 elementor-top-column elementor-element elementor-element-5bed89e\" data-id=\"5bed89e\" data-element_type=\"column\">\n\t\t\t<div class=\"elementor-widget-wrap elementor-element-populated\">\n\t\t\t\t\t\t<div class=\"elementor-element elementor-element-cc489a6 elementor-widget elementor-widget-text-editor\" data-id=\"cc489a6\" data-element_type=\"widget\" data-widget_type=\"text-editor.default\">\n\t\t\t\t<div class=\"elementor-widget-container\">\n\t\t\t\t\t\t\t<p><strong>Informationen gem\u00e4\u00df Art 13 DSGVO<\/strong><br \/><strong>Verantwortlicher<\/strong><br \/>A.\u00f6. Krankenhaus St. Josef Braunau GmbH<br \/>Dipl.- KH-BW Erwin Windischbauer, MAS<br \/>Ringstra\u00dfe 60<br \/>5280 Braunau<br \/>Telefon: +43 7722 8040<br \/>E-Mail: <a href=\"mailto:office@khbr.at\" target=\"_blank\" rel=\"noreferrer noopener\">office@khbr.at<\/a><\/p>\n<p><!-- \/wp:paragraph --><!-- wp:paragraph --><\/p>\n<p>\u00a0<\/p>\n<p><strong>Kontaktdaten Datenschutzbeauftragter<\/strong><br \/>Wir haben f\u00fcr unser Unternehmen einen Datenschutzbeauftragten bestellt.<br \/>Herr Mag. jur. Siegfried Gruber (O.P.P. \u2013 Compliance GmbH)<\/p>\n<p><!-- \/wp:paragraph --><!-- wp:paragraph --><\/p>\n<p>E-Mail: <a href=\"mailto:datenschutz@khbr.at\" target=\"_blank\" rel=\"noreferrer noopener\">datenschutz@khbr.at<\/a><br \/>Wenn Sie unsere Website besuchen, erfassen wir die IP-Adresse Ihres Ger\u00e4ts, Datum und Uhrzeit<br \/>des Abrufs, den verwendeten Internetbrowser sowie Ihr Betriebssystem, Ihr Klickverhalten auf der<br \/>Website, Ihren Internetprovider sowie die Internetseite, von der aus Sie uns besuchen.<\/p>\n<p><!-- \/wp:paragraph --><!-- wp:paragraph --><\/p>\n<p><br \/>Diese personenbezogenen Daten werden von uns nicht weitergegeben und f\u00fcr eine Dauer von drei<br \/>Monaten gespeichert.<br \/><br \/><\/p>\n<p>Wir verarbeiten personenbezogene Daten um Ihnen diese Websites zur Verf\u00fcgung zu stellen und<\/p>\n<ul>\n<li>um den Dienst zu personalisieren und die von Ihnen ausgew\u00e4hlten Inhalte zur Verf\u00fcgung zu stellen<\/li>\n<li>f\u00fcr Datenanalysen<\/li>\n<li>um Sicherheitsbedrohungen, Betrug und andere b\u00f6swillige Aktivit\u00e4ten zu verhindern und festzustellen<\/li>\n<li>um unseren gesetzlichen Verpflichtungen nachzukommen und unsere Vereinbarungen durchzusetzen<\/li>\n<li>zur Absicherung des Online-Zuganges<br \/><br \/><\/li>\n<\/ul>\n<p>Wir setzen auf unserer Seite Werkzeuge zur interessensbezogenen Analyse von Userverhalten ein<br \/>und beschreiben im Folgenden, welche Technologien von uns eingesetzt werden, warum wir das<br \/>machen und was das f\u00fcr Sie bedeutet. Um diese Informationen f\u00fcr Sie transparent und<br \/>nachvollziehbar zu halten, erl\u00e4utern wir in unserem Cookie-Banner und hier detailliert, wo und wie<br \/>Ihre personenbezogenen Daten verarbeitet werden k\u00f6nnten. Mittels unseres Cookie-Banners<br \/>k\u00f6nnen Sie Ihre Zustimmungen sowie auch Ihre Ablehnungen auf granulare Weise selbst vornehmen<br \/>und verwalten. Wenn Sie uns Ihre Einwilligung zur Verwendung von Cookies erteilt haben, richtet<br \/>sich die Rechtm\u00e4\u00dfigkeit der Verwendung der in diesem Zusammenhang eingeholten Daten nach Art.<\/p>\n<p><!-- \/wp:paragraph --><!-- wp:paragraph --><\/p>\n<p>6 Abs. 1 S. 1 lit. a DSGVO. Der nachfolgenden Beschreibung der Tracking- und Analysetools lassen<br \/>sich auch die jeweiligen Verarbeitungszwecke und die verarbeiteten Daten entnehmen.<\/p>\n<p><!-- \/wp:paragraph --><!-- wp:paragraph --><\/p>\n<p><br \/><strong>Betroffenenrechte:<\/strong><br \/>Ihnen stehen bei Vorliegen der gesetzlichen Voraussetzungen folgende Rechte gem\u00e4\u00df DSGVO zu:<br \/>Recht auf Auskunft, Berichtigung, L\u00f6schung, Einschr\u00e4nkung der Verarbeitung,<br \/>Daten\u00fcbertragbarkeit, Widerspruch gegen die Verarbeitung. Sie haben das Recht, sich bei der<br \/>folgenden Aufsichtsbeh\u00f6rde zu beschweren, wenn Sie der Ansicht sind, dass die Verarbeitung Ihrer<br \/>personenbezogenen Daten nicht rechtm\u00e4\u00dfig erfolgt. \u00d6sterreichische Datenschutzbeh\u00f6rde,<br \/>Barichgasse 40-42, 1030 Wien, E-Mail: <a href=\"mailto:dsb@dsb.gv.at\" target=\"_blank\" rel=\"noreferrer noopener\">dsb@dsb.gv.at<\/a><\/p>\n<p>\u00a0<\/p>\n<p><strong>Adform:<\/strong><\/p>\n<p>Unsere Website nutzt Adform der Adform Germany GmbH, Gro\u00dfer Burstah 50-52, 20457 Hamburg. Adform hilft, die Ausspielung digitale Anzeigen zu verbessern.<\/p>\n<p>\u00a0<\/p>\n<p>Der Browser baut daf\u00fcr eine direkte Verbindung mit dem Server von Adform auf. Durch die Einbindung erh\u00e4lt Adform die Information, dass Sie unsere Homepage (oder Teile davon) aufgerufen oder eine Anzeige von uns angeklickt haben. Dar\u00fcber hinaus hilft Adform zu verstehen, ob Sie bestimmte Aktionen auf unserer Website durchf\u00fchren, nachdem Sie eine unserer Online-Anzeigen auf einer anderen Plattform \u00fcber Adform aufgerufen oder diese geklickt (Conversion-Tracking) haben.\u00a0<\/p>\n<p>\u00a0<\/p>\n<p>Weitere Informationen zu Adform erhalten Sie unter\u00a0<a href=\"https:\/\/site.adform.com\/\">https:\/\/site.adform.com\/<\/a>\u00a0sowie zum Datenschutz bei Adform allgemein:\u00a0<a href=\"https:\/\/site.adform.com\/de\/privacy-center\/platform\/datenschutzrichtlinie-fuer-produkte-und-services\/\" target=\"_blank\" rel=\"nofollow noopener\">https:\/\/site.adform.com\/de\/privacy-center\/platform\/datenschutzrichtlinie-fuer-produkte-und-services\/<\/a>.<\/p>\t\t\t\t\t\t<\/div>\n\t\t\t\t<\/div>\n\t\t\t\t<div class=\"elementor-element elementor-element-c1484e3 elementor-widget elementor-widget-spacer\" data-id=\"c1484e3\" data-element_type=\"widget\" data-widget_type=\"spacer.default\">\n\t\t\t\t<div class=\"elementor-widget-container\">\n\t\t\t\t\t<div class=\"elementor-spacer\">\n\t\t\t<div class=\"elementor-spacer-inner\"><\/div>\n\t\t<\/div>\n\t\t\t\t<\/div>\n\t\t\t\t<\/div>\n\t\t\t\t\t<\/div>\n\t\t<\/div>\n\t\t\t\t\t<\/div>\n\t\t<\/section>\n\t\t\t\t<section class=\"elementor-section elementor-top-section elementor-element elementor-element-6618a99 elementor-section-boxed elementor-section-height-default elementor-section-height-default\" data-id=\"6618a99\" data-element_type=\"section\">\n\t\t\t\t\t\t\t<div class=\"elementor-background-overlay\"><\/div>\n\t\t\t\t\t\t\t<div class=\"elementor-container elementor-column-gap-default\">\n\t\t\t\t\t<div class=\"elementor-column elementor-col-100 elementor-top-column elementor-element elementor-element-d973430\" data-id=\"d973430\" data-element_type=\"column\">\n\t\t\t<div class=\"elementor-widget-wrap elementor-element-populated\">\n\t\t\t\t\t\t<div class=\"elementor-element elementor-element-02becd7 elementor-widget elementor-widget-spacer\" data-id=\"02becd7\" data-element_type=\"widget\" data-widget_type=\"spacer.default\">\n\t\t\t\t<div class=\"elementor-widget-container\">\n\t\t\t\t\t<div class=\"elementor-spacer\">\n\t\t\t<div class=\"elementor-spacer-inner\"><\/div>\n\t\t<\/div>\n\t\t\t\t<\/div>\n\t\t\t\t<\/div>\n\t\t\t\t\t<\/div>\n\t\t<\/div>\n\t\t\t\t\t<\/div>\n\t\t<\/section>\n\t\t\t\t<section class=\"elementor-section elementor-top-section elementor-element elementor-element-c2ebda9 elementor-section-boxed elementor-section-height-default elementor-section-height-default\" data-id=\"c2ebda9\" data-element_type=\"section\">\n\t\t\t\t\t\t<div class=\"elementor-container elementor-column-gap-default\">\n\t\t\t\t\t<div class=\"elementor-column elementor-col-100 elementor-top-column elementor-element elementor-element-b92265e\" data-id=\"b92265e\" data-element_type=\"column\">\n\t\t\t<div class=\"elementor-widget-wrap elementor-element-populated\">\n\t\t\t\t\t\t<div class=\"elementor-element elementor-element-9ccca9c elementor-widget elementor-widget-spacer\" data-id=\"9ccca9c\" data-element_type=\"widget\" data-widget_type=\"spacer.default\">\n\t\t\t\t<div class=\"elementor-widget-container\">\n\t\t\t\t\t<div class=\"elementor-spacer\">\n\t\t\t<div class=\"elementor-spacer-inner\"><\/div>\n\t\t<\/div>\n\t\t\t\t<\/div>\n\t\t\t\t<\/div>\n\t\t\t\t\t<\/div>\n\t\t<\/div>\n\t\t\t\t\t<\/div>\n\t\t<\/section>\n\t\t\t\t<\/div>\n\t\t","protected":false},"excerpt":{"rendered":"<p>DATENSCHUTZERKL\u00c4RUNG Informationen gem\u00e4\u00df Art 13 DSGVOVerantwortlicherA.\u00f6. Krankenhaus St. Josef Braunau GmbHDipl.- KH-BW Erwin Windischbauer, MASRingstra\u00dfe 605280 BraunauTelefon: +43 7722 8040E-Mail: office@khbr.at \u00a0 Kontaktdaten DatenschutzbeauftragterWir haben f\u00fcr unser Unternehmen einen Datenschutzbeauftragten bestellt.Herr Mag. jur. Siegfried Gruber (O.P.P. \u2013 Compliance GmbH) E-Mail: datenschutz@khbr.atWenn Sie unsere Website besuchen, erfassen wir die IP-Adresse Ihres Ger\u00e4ts, Datum und Uhrzeitdes Abrufs,[&#8230;]<\/p>\n","protected":false},"author":1,"featured_media":0,"parent":0,"menu_order":0,"comment_status":"closed","ping_status":"closed","template":"","meta":{"_acf_changed":false,"footnotes":""},"class_list":["post-3","page","type-page","status-publish","hentry"],"acf":[],"yoast_head":"<!-- This site is optimized with the Yoast SEO plugin v23.8 - https:\/\/yoast.com\/wordpress\/plugins\/seo\/ -->\n<title>Datenschutzerkl\u00e4rung - Krankenhaus Braunau<\/title>\n<meta name=\"robots\" content=\"index, follow, max-snippet:-1, max-image-preview:large, max-video-preview:-1\" \/>\n<link rel=\"canonical\" href=\"https:\/\/khbr.at\/karriere\/datenschutzerklaerung\/\" \/>\n<meta property=\"og:locale\" content=\"de_DE\" \/>\n<meta property=\"og:type\" content=\"article\" \/>\n<meta property=\"og:title\" content=\"Datenschutzerkl\u00e4rung - Krankenhaus Braunau\" \/>\n<meta property=\"og:description\" content=\"DATENSCHUTZERKL\u00c4RUNG Informationen gem\u00e4\u00df Art 13 DSGVOVerantwortlicherA.\u00f6. Krankenhaus St. Josef Braunau GmbHDipl.- KH-BW Erwin Windischbauer, MASRingstra\u00dfe 605280 BraunauTelefon: +43 7722 8040E-Mail: office@khbr.at \u00a0 Kontaktdaten DatenschutzbeauftragterWir haben f\u00fcr unser Unternehmen einen Datenschutzbeauftragten bestellt.Herr Mag. jur. Siegfried Gruber (O.P.P. \u2013 Compliance GmbH) E-Mail: datenschutz@khbr.atWenn Sie unsere Website besuchen, erfassen wir die IP-Adresse Ihres Ger\u00e4ts, Datum und Uhrzeitdes Abrufs,[...]\" \/>\n<meta property=\"og:url\" content=\"https:\/\/khbr.at\/karriere\/datenschutzerklaerung\/\" \/>\n<meta property=\"og:site_name\" content=\"Krankenhaus Braunau\" \/>\n<meta property=\"article:modified_time\" content=\"2024-07-15T07:21:55+00:00\" \/>\n<meta name=\"twitter:card\" content=\"summary_large_image\" \/>\n<meta name=\"twitter:label1\" content=\"Gesch\u00e4tzte Lesezeit\" \/>\n\t<meta name=\"twitter:data1\" content=\"3\u00a0Minuten\" \/>\n<script type=\"application\/ld+json\" class=\"yoast-schema-graph\">{\"@context\":\"https:\/\/schema.org\",\"@graph\":[{\"@type\":\"WebPage\",\"@id\":\"https:\/\/khbr.at\/karriere\/datenschutzerklaerung\/\",\"url\":\"https:\/\/khbr.at\/karriere\/datenschutzerklaerung\/\",\"name\":\"Datenschutzerkl\u00e4rung - Krankenhaus Braunau\",\"isPartOf\":{\"@id\":\"https:\/\/khbr.at\/karriere\/#website\"},\"datePublished\":\"2021-02-22T08:24:13+00:00\",\"dateModified\":\"2024-07-15T07:21:55+00:00\",\"breadcrumb\":{\"@id\":\"https:\/\/khbr.at\/karriere\/datenschutzerklaerung\/#breadcrumb\"},\"inLanguage\":\"de\",\"potentialAction\":[{\"@type\":\"ReadAction\",\"target\":[\"https:\/\/khbr.at\/karriere\/datenschutzerklaerung\/\"]}]},{\"@type\":\"BreadcrumbList\",\"@id\":\"https:\/\/khbr.at\/karriere\/datenschutzerklaerung\/#breadcrumb\",\"itemListElement\":[{\"@type\":\"ListItem\",\"position\":1,\"name\":\"Startseite\",\"item\":\"https:\/\/khbr.at\/karriere\/\"},{\"@type\":\"ListItem\",\"position\":2,\"name\":\"Datenschutzerkl\u00e4rung\"}]},{\"@type\":\"WebSite\",\"@id\":\"https:\/\/khbr.at\/karriere\/#website\",\"url\":\"https:\/\/khbr.at\/karriere\/\",\"name\":\"Krankenhaus Braunau\",\"description\":\"\",\"publisher\":{\"@id\":\"https:\/\/khbr.at\/karriere\/#organization\"},\"potentialAction\":[{\"@type\":\"SearchAction\",\"target\":{\"@type\":\"EntryPoint\",\"urlTemplate\":\"https:\/\/khbr.at\/karriere\/?s={search_term_string}\"},\"query-input\":{\"@type\":\"PropertyValueSpecification\",\"valueRequired\":true,\"valueName\":\"search_term_string\"}}],\"inLanguage\":\"de\"},{\"@type\":\"Organization\",\"@id\":\"https:\/\/khbr.at\/karriere\/#organization\",\"name\":\"Krankenhaus Braunau\",\"url\":\"https:\/\/khbr.at\/karriere\/\",\"logo\":{\"@type\":\"ImageObject\",\"inLanguage\":\"de\",\"@id\":\"https:\/\/khbr.at\/karriere\/#\/schema\/logo\/image\/\",\"url\":\"https:\/\/khbr.at\/karriere\/wp-content\/uploads\/2021\/03\/Unbenannt-1.jpg\",\"contentUrl\":\"https:\/\/khbr.at\/karriere\/wp-content\/uploads\/2021\/03\/Unbenannt-1.jpg\",\"width\":600,\"height\":418,\"caption\":\"Krankenhaus Braunau\"},\"image\":{\"@id\":\"https:\/\/khbr.at\/karriere\/#\/schema\/logo\/image\/\"}}]}<\/script>\n<!-- \/ Yoast SEO plugin. -->","yoast_head_json":{"title":"Datenschutzerkl\u00e4rung - Krankenhaus Braunau","robots":{"index":"index","follow":"follow","max-snippet":"max-snippet:-1","max-image-preview":"max-image-preview:large","max-video-preview":"max-video-preview:-1"},"canonical":"https:\/\/khbr.at\/karriere\/datenschutzerklaerung\/","og_locale":"de_DE","og_type":"article","og_title":"Datenschutzerkl\u00e4rung - Krankenhaus Braunau","og_description":"DATENSCHUTZERKL\u00c4RUNG Informationen gem\u00e4\u00df Art 13 DSGVOVerantwortlicherA.\u00f6. Krankenhaus St. Josef Braunau GmbHDipl.- KH-BW Erwin Windischbauer, MASRingstra\u00dfe 605280 BraunauTelefon: +43 7722 8040E-Mail: office@khbr.at \u00a0 Kontaktdaten DatenschutzbeauftragterWir haben f\u00fcr unser Unternehmen einen Datenschutzbeauftragten bestellt.Herr Mag. jur. Siegfried Gruber (O.P.P. \u2013 Compliance GmbH) E-Mail: datenschutz@khbr.atWenn Sie unsere Website besuchen, erfassen wir die IP-Adresse Ihres Ger\u00e4ts, Datum und Uhrzeitdes Abrufs,[...]","og_url":"https:\/\/khbr.at\/karriere\/datenschutzerklaerung\/","og_site_name":"Krankenhaus Braunau","article_modified_time":"2024-07-15T07:21:55+00:00","twitter_card":"summary_large_image","twitter_misc":{"Gesch\u00e4tzte Lesezeit":"3\u00a0Minuten"},"schema":{"@context":"https:\/\/schema.org","@graph":[{"@type":"WebPage","@id":"https:\/\/khbr.at\/karriere\/datenschutzerklaerung\/","url":"https:\/\/khbr.at\/karriere\/datenschutzerklaerung\/","name":"Datenschutzerkl\u00e4rung - Krankenhaus Braunau","isPartOf":{"@id":"https:\/\/khbr.at\/karriere\/#website"},"datePublished":"2021-02-22T08:24:13+00:00","dateModified":"2024-07-15T07:21:55+00:00","breadcrumb":{"@id":"https:\/\/khbr.at\/karriere\/datenschutzerklaerung\/#breadcrumb"},"inLanguage":"de","potentialAction":[{"@type":"ReadAction","target":["https:\/\/khbr.at\/karriere\/datenschutzerklaerung\/"]}]},{"@type":"BreadcrumbList","@id":"https:\/\/khbr.at\/karriere\/datenschutzerklaerung\/#breadcrumb","itemListElement":[{"@type":"ListItem","position":1,"name":"Startseite","item":"https:\/\/khbr.at\/karriere\/"},{"@type":"ListItem","position":2,"name":"Datenschutzerkl\u00e4rung"}]},{"@type":"WebSite","@id":"https:\/\/khbr.at\/karriere\/#website","url":"https:\/\/khbr.at\/karriere\/","name":"Krankenhaus Braunau","description":"","publisher":{"@id":"https:\/\/khbr.at\/karriere\/#organization"},"potentialAction":[{"@type":"SearchAction","target":{"@type":"EntryPoint","urlTemplate":"https:\/\/khbr.at\/karriere\/?s={search_term_string}"},"query-input":{"@type":"PropertyValueSpecification","valueRequired":true,"valueName":"search_term_string"}}],"inLanguage":"de"},{"@type":"Organization","@id":"https:\/\/khbr.at\/karriere\/#organization","name":"Krankenhaus Braunau","url":"https:\/\/khbr.at\/karriere\/","logo":{"@type":"ImageObject","inLanguage":"de","@id":"https:\/\/khbr.at\/karriere\/#\/schema\/logo\/image\/","url":"https:\/\/khbr.at\/karriere\/wp-content\/uploads\/2021\/03\/Unbenannt-1.jpg","contentUrl":"https:\/\/khbr.at\/karriere\/wp-content\/uploads\/2021\/03\/Unbenannt-1.jpg","width":600,"height":418,"caption":"Krankenhaus Braunau"},"image":{"@id":"https:\/\/khbr.at\/karriere\/#\/schema\/logo\/image\/"}}]}},"_links":{"self":[{"href":"https:\/\/khbr.at\/karriere\/wp-json\/wp\/v2\/pages\/3"}],"collection":[{"href":"https:\/\/khbr.at\/karriere\/wp-json\/wp\/v2\/pages"}],"about":[{"href":"https:\/\/khbr.at\/karriere\/wp-json\/wp\/v2\/types\/page"}],"author":[{"embeddable":true,"href":"https:\/\/khbr.at\/karriere\/wp-json\/wp\/v2\/users\/1"}],"replies":[{"embeddable":true,"href":"https:\/\/khbr.at\/karriere\/wp-json\/wp\/v2\/comments?post=3"}],"version-history":[{"count":14,"href":"https:\/\/khbr.at\/karriere\/wp-json\/wp\/v2\/pages\/3\/revisions"}],"predecessor-version":[{"id":197313,"href":"https:\/\/khbr.at\/karriere\/wp-json\/wp\/v2\/pages\/3\/revisions\/197313"}],"wp:attachment":[{"href":"https:\/\/khbr.at\/karriere\/wp-json\/wp\/v2\/media?parent=3"}],"curies":[{"name":"wp","href":"https:\/\/api.w.org\/{rel}","templated":true}]}}