{"id":5871,"date":"2022-06-27T10:48:53","date_gmt":"2022-06-27T08:48:53","guid":{"rendered":"https:\/\/khbr.at\/karriere\/?page_id=5871"},"modified":"2022-06-28T11:26:14","modified_gmt":"2022-06-28T09:26:14","slug":"newsarchiv","status":"publish","type":"page","link":"https:\/\/khbr.at\/karriere\/newsarchiv\/","title":{"rendered":"Newsarchiv"},"content":{"rendered":"\t\t<div data-elementor-type=\"wp-page\" data-elementor-id=\"5871\" class=\"elementor elementor-5871\" data-elementor-post-type=\"page\">\n\t\t\t\t\t\t<section class=\"elementor-section elementor-top-section elementor-element elementor-element-a58675b elementor-section-boxed elementor-section-height-default elementor-section-height-default\" data-id=\"a58675b\" data-element_type=\"section\">\n\t\t\t\t\t\t<div class=\"elementor-container elementor-column-gap-default\">\n\t\t\t\t\t<div class=\"elementor-column elementor-col-100 elementor-top-column elementor-element elementor-element-f00f5c1\" data-id=\"f00f5c1\" data-element_type=\"column\">\n\t\t\t<div class=\"elementor-widget-wrap elementor-element-populated\">\n\t\t\t\t\t\t<div class=\"elementor-element elementor-element-4cf16c3 elementor-widget elementor-widget-heading\" data-id=\"4cf16c3\" data-element_type=\"widget\" data-widget_type=\"heading.default\">\n\t\t\t\t<div class=\"elementor-widget-container\">\n\t\t\t<h1 class=\"elementor-heading-title elementor-size-default\">NEWSARCHIV<\/h1>\t\t<\/div>\n\t\t\t\t<\/div>\n\t\t\t\t<div class=\"elementor-element elementor-element-f1e727e elementor-widget elementor-widget-breadcrumbs\" data-id=\"f1e727e\" data-element_type=\"widget\" data-widget_type=\"breadcrumbs.default\">\n\t\t\t\t<div class=\"elementor-widget-container\">\n\t\t\t<p id=\"breadcrumbs\"><span><span><a href=\"https:\/\/khbr.at\/karriere\/\">Startseite<\/a><\/span><\/span><\/p>\t\t<\/div>\n\t\t\t\t<\/div>\n\t\t\t\t\t<\/div>\n\t\t<\/div>\n\t\t\t\t\t<\/div>\n\t\t<\/section>\n\t\t\t\t<section class=\"elementor-section elementor-top-section elementor-element elementor-element-427eea2 elementor-section-boxed elementor-section-height-default elementor-section-height-default\" data-id=\"427eea2\" data-element_type=\"section\">\n\t\t\t\t\t\t<div class=\"elementor-container elementor-column-gap-default\">\n\t\t\t\t\t<div class=\"elementor-column elementor-col-100 elementor-top-column elementor-element elementor-element-05b93a1\" data-id=\"05b93a1\" data-element_type=\"column\">\n\t\t\t<div class=\"elementor-widget-wrap elementor-element-populated\">\n\t\t\t\t\t\t<div class=\"elementor-element elementor-element-8f082d9 elementor-grid-3 elementor-grid-tablet-2 elementor-grid-mobile-1 elementor-posts--thumbnail-top elementor-card-shadow-yes elementor-posts__hover-gradient elementor-widget elementor-widget-posts\" data-id=\"8f082d9\" data-element_type=\"widget\" data-settings=\"{&quot;cards_columns&quot;:&quot;3&quot;,&quot;cards_columns_tablet&quot;:&quot;2&quot;,&quot;cards_columns_mobile&quot;:&quot;1&quot;,&quot;cards_row_gap&quot;:{&quot;unit&quot;:&quot;px&quot;,&quot;size&quot;:35,&quot;sizes&quot;:[]},&quot;cards_row_gap_tablet&quot;:{&quot;unit&quot;:&quot;px&quot;,&quot;size&quot;:&quot;&quot;,&quot;sizes&quot;:[]},&quot;cards_row_gap_mobile&quot;:{&quot;unit&quot;:&quot;px&quot;,&quot;size&quot;:&quot;&quot;,&quot;sizes&quot;:[]}}\" data-widget_type=\"posts.cards\">\n\t\t\t\t<div class=\"elementor-widget-container\">\n\t\t\t\t\t<div class=\"elementor-posts-container elementor-posts elementor-posts--skin-cards elementor-grid\">\n\t\t\t\t<article class=\"elementor-post elementor-grid-item post-163207 post type-post status-publish format-standard has-post-thumbnail hentry category-allgemein\">\n\t\t\t<div class=\"elementor-post__card\">\n\t\t\t\t<a class=\"elementor-post__thumbnail__link\" href=\"https:\/\/khbr.at\/karriere\/mehr-als-50-neue-mitarbeiterinnen-und-mitarbeiter-im-krankenhaus-braunau\/\" tabindex=\"-1\" ><div class=\"elementor-post__thumbnail\"><img fetchpriority=\"high\" decoding=\"async\" width=\"1500\" height=\"844\" src=\"https:\/\/khbr.at\/karriere\/wp-content\/uploads\/2024\/04\/KHBraunau_Willkommenstag_2403.jpg\" class=\"attachment-full size-full wp-image-163208\" alt=\"\" srcset=\"https:\/\/khbr.at\/karriere\/wp-content\/uploads\/2024\/04\/KHBraunau_Willkommenstag_2403.jpg 1500w, https:\/\/khbr.at\/karriere\/wp-content\/uploads\/2024\/04\/KHBraunau_Willkommenstag_2403-300x169.jpg 300w, https:\/\/khbr.at\/karriere\/wp-content\/uploads\/2024\/04\/KHBraunau_Willkommenstag_2403-1024x576.jpg 1024w, https:\/\/khbr.at\/karriere\/wp-content\/uploads\/2024\/04\/KHBraunau_Willkommenstag_2403-150x84.jpg 150w, https:\/\/khbr.at\/karriere\/wp-content\/uploads\/2024\/04\/KHBraunau_Willkommenstag_2403-768x432.jpg 768w, https:\/\/khbr.at\/karriere\/wp-content\/uploads\/2024\/04\/KHBraunau_Willkommenstag_2403-800x450.jpg 800w\" sizes=\"(max-width: 1500px) 100vw, 1500px\" \/><\/div><\/a>\n\t\t\t\t<div class=\"elementor-post__badge\">Allgemein<\/div>\n\t\t\t\t<div class=\"elementor-post__text\">\n\t\t\t\t<h3 class=\"elementor-post__title\">\n\t\t\t<a href=\"https:\/\/khbr.at\/karriere\/mehr-als-50-neue-mitarbeiterinnen-und-mitarbeiter-im-krankenhaus-braunau\/\" >\n\t\t\t\tMehr als 50 neue Mitarbeiterinnen und Mitarbeiter im Krankenhaus Braunau\t\t\t<\/a>\n\t\t<\/h3>\n\t\t\t\t<div class=\"elementor-post__excerpt\">\n\t\t\t<p>Beim ersten Willkommenstag des Krankenhauses St. Josef Braunau im Jahr 2024 wurden am 14. M\u00e4rz die neuen Mitarbeiterinnen und Mitarbeiter begr\u00fc\u00dft. Von November 2023 bis<\/p>\n\t\t<\/div>\n\t\t\n\t\t<a class=\"elementor-post__read-more\" href=\"https:\/\/khbr.at\/karriere\/mehr-als-50-neue-mitarbeiterinnen-und-mitarbeiter-im-krankenhaus-braunau\/\" aria-label=\"Mehr \u00fcber Mehr als 50 neue Mitarbeiterinnen und Mitarbeiter im Krankenhaus Braunau\" tabindex=\"-1\" >\n\t\t\tWeiterlesen \u00bb\t\t<\/a>\n\n\t\t\t\t<\/div>\n\t\t\t\t\t<\/div>\n\t\t<\/article>\n\t\t\t\t<article class=\"elementor-post elementor-grid-item post-163210 post type-post status-publish format-standard has-post-thumbnail hentry category-allgemein\">\n\t\t\t<div class=\"elementor-post__card\">\n\t\t\t\t<a class=\"elementor-post__thumbnail__link\" href=\"https:\/\/khbr.at\/karriere\/krankenhaus-braunau-zaehlt-zu-den-best-recruiters-2023-24\/\" tabindex=\"-1\" ><div class=\"elementor-post__thumbnail\"><img decoding=\"async\" width=\"1920\" height=\"1277\" src=\"https:\/\/khbr.at\/karriere\/wp-content\/uploads\/2024\/04\/Krankenhaus-Braunau-zaehlt-zu-den-Best-Recruiters-2023-24.jpg\" class=\"attachment-full size-full wp-image-163211\" alt=\"\" srcset=\"https:\/\/khbr.at\/karriere\/wp-content\/uploads\/2024\/04\/Krankenhaus-Braunau-zaehlt-zu-den-Best-Recruiters-2023-24.jpg 1920w, https:\/\/khbr.at\/karriere\/wp-content\/uploads\/2024\/04\/Krankenhaus-Braunau-zaehlt-zu-den-Best-Recruiters-2023-24-300x200.jpg 300w, https:\/\/khbr.at\/karriere\/wp-content\/uploads\/2024\/04\/Krankenhaus-Braunau-zaehlt-zu-den-Best-Recruiters-2023-24-1024x681.jpg 1024w, https:\/\/khbr.at\/karriere\/wp-content\/uploads\/2024\/04\/Krankenhaus-Braunau-zaehlt-zu-den-Best-Recruiters-2023-24-150x100.jpg 150w, https:\/\/khbr.at\/karriere\/wp-content\/uploads\/2024\/04\/Krankenhaus-Braunau-zaehlt-zu-den-Best-Recruiters-2023-24-768x511.jpg 768w, https:\/\/khbr.at\/karriere\/wp-content\/uploads\/2024\/04\/Krankenhaus-Braunau-zaehlt-zu-den-Best-Recruiters-2023-24-1536x1022.jpg 1536w, https:\/\/khbr.at\/karriere\/wp-content\/uploads\/2024\/04\/Krankenhaus-Braunau-zaehlt-zu-den-Best-Recruiters-2023-24-800x532.jpg 800w\" sizes=\"(max-width: 1920px) 100vw, 1920px\" \/><\/div><\/a>\n\t\t\t\t<div class=\"elementor-post__badge\">Allgemein<\/div>\n\t\t\t\t<div class=\"elementor-post__text\">\n\t\t\t\t<h3 class=\"elementor-post__title\">\n\t\t\t<a href=\"https:\/\/khbr.at\/karriere\/krankenhaus-braunau-zaehlt-zu-den-best-recruiters-2023-24\/\" >\n\t\t\t\tKrankenhaus Braunau z\u00e4hlt zu den Best Recruiters 2023\/24\t\t\t<\/a>\n\t\t<\/h3>\n\t\t\t\t<div class=\"elementor-post__excerpt\">\n\t\t\t<p>Das Krankenhaus Braunau wurde 2023\/24 f\u00fcr seine \u201e\u00fcberdurchschnittlichen Recruiting-Leistungen\u201c mit dem silbernen Siegel von \u201eBest Recruiters\u201c ausgezeichnet. In der Branche \u201eKrankenh\u00e4user\u201c landete das Braunauer Spital<\/p>\n\t\t<\/div>\n\t\t\n\t\t<a class=\"elementor-post__read-more\" href=\"https:\/\/khbr.at\/karriere\/krankenhaus-braunau-zaehlt-zu-den-best-recruiters-2023-24\/\" aria-label=\"Mehr \u00fcber Krankenhaus Braunau z\u00e4hlt zu den Best Recruiters 2023\/24\" tabindex=\"-1\" >\n\t\t\tWeiterlesen \u00bb\t\t<\/a>\n\n\t\t\t\t<\/div>\n\t\t\t\t\t<\/div>\n\t\t<\/article>\n\t\t\t\t<article class=\"elementor-post elementor-grid-item post-6204 post type-post status-publish format-standard has-post-thumbnail hentry category-allgemein\">\n\t\t\t<div class=\"elementor-post__card\">\n\t\t\t\t<a class=\"elementor-post__thumbnail__link\" href=\"https:\/\/khbr.at\/karriere\/krankenhaus-braunau-mit-staatspreis-familie-beruf-ausgezeichnet\/\" tabindex=\"-1\" ><div class=\"elementor-post__thumbnail\"><img decoding=\"async\" width=\"2560\" height=\"1504\" src=\"https:\/\/khbr.at\/karriere\/wp-content\/uploads\/2022\/06\/KHBraunau_Staatspreis_2206-scaled-e1656398888811.jpg\" class=\"attachment-full size-full wp-image-6205\" alt=\"\" srcset=\"https:\/\/khbr.at\/karriere\/wp-content\/uploads\/2022\/06\/KHBraunau_Staatspreis_2206-scaled-e1656398888811.jpg 2560w, https:\/\/khbr.at\/karriere\/wp-content\/uploads\/2022\/06\/KHBraunau_Staatspreis_2206-scaled-e1656398888811-300x176.jpg 300w, https:\/\/khbr.at\/karriere\/wp-content\/uploads\/2022\/06\/KHBraunau_Staatspreis_2206-scaled-e1656398888811-1024x602.jpg 1024w, https:\/\/khbr.at\/karriere\/wp-content\/uploads\/2022\/06\/KHBraunau_Staatspreis_2206-scaled-e1656398888811-150x88.jpg 150w, https:\/\/khbr.at\/karriere\/wp-content\/uploads\/2022\/06\/KHBraunau_Staatspreis_2206-scaled-e1656398888811-768x451.jpg 768w, https:\/\/khbr.at\/karriere\/wp-content\/uploads\/2022\/06\/KHBraunau_Staatspreis_2206-scaled-e1656398888811-1536x902.jpg 1536w, https:\/\/khbr.at\/karriere\/wp-content\/uploads\/2022\/06\/KHBraunau_Staatspreis_2206-scaled-e1656398888811-2048x1203.jpg 2048w, https:\/\/khbr.at\/karriere\/wp-content\/uploads\/2022\/06\/KHBraunau_Staatspreis_2206-scaled-e1656398888811-800x470.jpg 800w\" sizes=\"(max-width: 2560px) 100vw, 2560px\" \/><\/div><\/a>\n\t\t\t\t<div class=\"elementor-post__badge\">Allgemein<\/div>\n\t\t\t\t<div class=\"elementor-post__text\">\n\t\t\t\t<h3 class=\"elementor-post__title\">\n\t\t\t<a href=\"https:\/\/khbr.at\/karriere\/krankenhaus-braunau-mit-staatspreis-familie-beruf-ausgezeichnet\/\" >\n\t\t\t\tKrankenhaus Braunau mit Staatspreis \u201eFamilie &#038; Beruf\u201c ausgezeichnet\t\t\t<\/a>\n\t\t<\/h3>\n\t\t\t\t<div class=\"elementor-post__excerpt\">\n\t\t\t<p>Der \u00f6sterreichweit 2. Platz in der Kategorie \u201eNon-Profit Unternehmen\/Institutionen\u201c ging beim Staatspreis \u201eFamilie &amp; Beruf\u201c an das Krankenhaus Braunau. Mit diesem Staatspreis werden Betriebe f\u00fcr<\/p>\n\t\t<\/div>\n\t\t\n\t\t<a class=\"elementor-post__read-more\" href=\"https:\/\/khbr.at\/karriere\/krankenhaus-braunau-mit-staatspreis-familie-beruf-ausgezeichnet\/\" aria-label=\"Mehr \u00fcber Krankenhaus Braunau mit Staatspreis \u201eFamilie &#038; Beruf\u201c ausgezeichnet\" tabindex=\"-1\" >\n\t\t\tWeiterlesen \u00bb\t\t<\/a>\n\n\t\t\t\t<\/div>\n\t\t\t\t\t<\/div>\n\t\t<\/article>\n\t\t\t\t<article class=\"elementor-post elementor-grid-item post-3417 post type-post status-publish format-standard has-post-thumbnail hentry category-allgemein\">\n\t\t\t<div class=\"elementor-post__card\">\n\t\t\t\t<a class=\"elementor-post__thumbnail__link\" href=\"https:\/\/khbr.at\/karriere\/krankenhaus-braunau-mit-landesfamilienpreis-felix-familia-ausgezeichnet\/\" tabindex=\"-1\" ><div class=\"elementor-post__thumbnail\"><img loading=\"lazy\" decoding=\"async\" width=\"1500\" height=\"1000\" src=\"https:\/\/khbr.at\/karriere\/wp-content\/uploads\/2022\/04\/KHBraunau_FelixFamilia_2203-min.jpg\" class=\"attachment-full size-full wp-image-5465\" alt=\"\" srcset=\"https:\/\/khbr.at\/karriere\/wp-content\/uploads\/2022\/04\/KHBraunau_FelixFamilia_2203-min.jpg 1500w, https:\/\/khbr.at\/karriere\/wp-content\/uploads\/2022\/04\/KHBraunau_FelixFamilia_2203-min-300x200.jpg 300w, https:\/\/khbr.at\/karriere\/wp-content\/uploads\/2022\/04\/KHBraunau_FelixFamilia_2203-min-1024x683.jpg 1024w, https:\/\/khbr.at\/karriere\/wp-content\/uploads\/2022\/04\/KHBraunau_FelixFamilia_2203-min-150x100.jpg 150w, https:\/\/khbr.at\/karriere\/wp-content\/uploads\/2022\/04\/KHBraunau_FelixFamilia_2203-min-768x512.jpg 768w, https:\/\/khbr.at\/karriere\/wp-content\/uploads\/2022\/04\/KHBraunau_FelixFamilia_2203-min-800x533.jpg 800w\" sizes=\"(max-width: 1500px) 100vw, 1500px\" \/><\/div><\/a>\n\t\t\t\t<div class=\"elementor-post__badge\">Allgemein<\/div>\n\t\t\t\t<div class=\"elementor-post__text\">\n\t\t\t\t<h3 class=\"elementor-post__title\">\n\t\t\t<a href=\"https:\/\/khbr.at\/karriere\/krankenhaus-braunau-mit-landesfamilienpreis-felix-familia-ausgezeichnet\/\" >\n\t\t\t\tKrankenhaus Braunau mit Landesfamilienpreis Felix Familia ausgezeichnet\t\t\t<\/a>\n\t\t<\/h3>\n\t\t\t\t<div class=\"elementor-post__excerpt\">\n\t\t\t<p>Einmal mehr stellte das Krankenhaus St. Josef in Braunau unter Beweis, dass es zu den familienfreundlichsten Unternehmen des Landes Ober\u00f6sterreich z\u00e4hlt. F\u00fcr die umfassende und<\/p>\n\t\t<\/div>\n\t\t\n\t\t<a class=\"elementor-post__read-more\" href=\"https:\/\/khbr.at\/karriere\/krankenhaus-braunau-mit-landesfamilienpreis-felix-familia-ausgezeichnet\/\" aria-label=\"Mehr \u00fcber Krankenhaus Braunau mit Landesfamilienpreis Felix Familia ausgezeichnet\" tabindex=\"-1\" >\n\t\t\tWeiterlesen \u00bb\t\t<\/a>\n\n\t\t\t\t<\/div>\n\t\t\t\t\t<\/div>\n\t\t<\/article>\n\t\t\t\t<\/div>\n\t\t\n\t\t\t\t<\/div>\n\t\t\t\t<\/div>\n\t\t\t\t\t<\/div>\n\t\t<\/div>\n\t\t\t\t\t<\/div>\n\t\t<\/section>\n\t\t\t\t<\/div>\n\t\t","protected":false},"excerpt":{"rendered":"<p>NEWSARCHIV<\/p>\n","protected":false},"author":1,"featured_media":0,"parent":0,"menu_order":0,"comment_status":"closed","ping_status":"closed","template":"","meta":{"_acf_changed":false,"footnotes":""},"class_list":["post-5871","page","type-page","status-publish","hentry"],"acf":[],"yoast_head":"<!-- This site is optimized with the Yoast SEO plugin v23.8 - https:\/\/yoast.com\/wordpress\/plugins\/seo\/ -->\n<title>Newsarchiv - Krankenhaus Braunau<\/title>\n<meta name=\"robots\" content=\"index, follow, max-snippet:-1, max-image-preview:large, max-video-preview:-1\" \/>\n<link rel=\"canonical\" href=\"https:\/\/khbr.at\/karriere\/newsarchiv\/\" \/>\n<meta property=\"og:locale\" content=\"de_DE\" \/>\n<meta property=\"og:type\" content=\"article\" \/>\n<meta property=\"og:title\" content=\"Newsarchiv - Krankenhaus Braunau\" \/>\n<meta property=\"og:description\" content=\"NEWSARCHIV\" \/>\n<meta property=\"og:url\" content=\"https:\/\/khbr.at\/karriere\/newsarchiv\/\" \/>\n<meta property=\"og:site_name\" content=\"Krankenhaus Braunau\" \/>\n<meta property=\"article:modified_time\" content=\"2022-06-28T09:26:14+00:00\" \/>\n<meta name=\"twitter:card\" content=\"summary_large_image\" \/>\n<meta name=\"twitter:label1\" content=\"Gesch\u00e4tzte Lesezeit\" \/>\n\t<meta name=\"twitter:data1\" content=\"1\u00a0Minute\" \/>\n<script type=\"application\/ld+json\" class=\"yoast-schema-graph\">{\"@context\":\"https:\/\/schema.org\",\"@graph\":[{\"@type\":\"WebPage\",\"@id\":\"https:\/\/khbr.at\/karriere\/newsarchiv\/\",\"url\":\"https:\/\/khbr.at\/karriere\/newsarchiv\/\",\"name\":\"Newsarchiv - Krankenhaus Braunau\",\"isPartOf\":{\"@id\":\"https:\/\/khbr.at\/karriere\/#website\"},\"datePublished\":\"2022-06-27T08:48:53+00:00\",\"dateModified\":\"2022-06-28T09:26:14+00:00\",\"breadcrumb\":{\"@id\":\"https:\/\/khbr.at\/karriere\/newsarchiv\/#breadcrumb\"},\"inLanguage\":\"de\",\"potentialAction\":[{\"@type\":\"ReadAction\",\"target\":[\"https:\/\/khbr.at\/karriere\/newsarchiv\/\"]}]},{\"@type\":\"BreadcrumbList\",\"@id\":\"https:\/\/khbr.at\/karriere\/newsarchiv\/#breadcrumb\",\"itemListElement\":[{\"@type\":\"ListItem\",\"position\":1,\"name\":\"Startseite\",\"item\":\"https:\/\/khbr.at\/karriere\/\"},{\"@type\":\"ListItem\",\"position\":2,\"name\":\"Newsarchiv\"}]},{\"@type\":\"WebSite\",\"@id\":\"https:\/\/khbr.at\/karriere\/#website\",\"url\":\"https:\/\/khbr.at\/karriere\/\",\"name\":\"Krankenhaus Braunau\",\"description\":\"\",\"publisher\":{\"@id\":\"https:\/\/khbr.at\/karriere\/#organization\"},\"potentialAction\":[{\"@type\":\"SearchAction\",\"target\":{\"@type\":\"EntryPoint\",\"urlTemplate\":\"https:\/\/khbr.at\/karriere\/?s={search_term_string}\"},\"query-input\":{\"@type\":\"PropertyValueSpecification\",\"valueRequired\":true,\"valueName\":\"search_term_string\"}}],\"inLanguage\":\"de\"},{\"@type\":\"Organization\",\"@id\":\"https:\/\/khbr.at\/karriere\/#organization\",\"name\":\"Krankenhaus Braunau\",\"url\":\"https:\/\/khbr.at\/karriere\/\",\"logo\":{\"@type\":\"ImageObject\",\"inLanguage\":\"de\",\"@id\":\"https:\/\/khbr.at\/karriere\/#\/schema\/logo\/image\/\",\"url\":\"https:\/\/khbr.at\/karriere\/wp-content\/uploads\/2021\/03\/Unbenannt-1.jpg\",\"contentUrl\":\"https:\/\/khbr.at\/karriere\/wp-content\/uploads\/2021\/03\/Unbenannt-1.jpg\",\"width\":600,\"height\":418,\"caption\":\"Krankenhaus Braunau\"},\"image\":{\"@id\":\"https:\/\/khbr.at\/karriere\/#\/schema\/logo\/image\/\"}}]}<\/script>\n<!-- \/ Yoast SEO plugin. -->","yoast_head_json":{"title":"Newsarchiv - Krankenhaus Braunau","robots":{"index":"index","follow":"follow","max-snippet":"max-snippet:-1","max-image-preview":"max-image-preview:large","max-video-preview":"max-video-preview:-1"},"canonical":"https:\/\/khbr.at\/karriere\/newsarchiv\/","og_locale":"de_DE","og_type":"article","og_title":"Newsarchiv - Krankenhaus Braunau","og_description":"NEWSARCHIV","og_url":"https:\/\/khbr.at\/karriere\/newsarchiv\/","og_site_name":"Krankenhaus Braunau","article_modified_time":"2022-06-28T09:26:14+00:00","twitter_card":"summary_large_image","twitter_misc":{"Gesch\u00e4tzte Lesezeit":"1\u00a0Minute"},"schema":{"@context":"https:\/\/schema.org","@graph":[{"@type":"WebPage","@id":"https:\/\/khbr.at\/karriere\/newsarchiv\/","url":"https:\/\/khbr.at\/karriere\/newsarchiv\/","name":"Newsarchiv - Krankenhaus Braunau","isPartOf":{"@id":"https:\/\/khbr.at\/karriere\/#website"},"datePublished":"2022-06-27T08:48:53+00:00","dateModified":"2022-06-28T09:26:14+00:00","breadcrumb":{"@id":"https:\/\/khbr.at\/karriere\/newsarchiv\/#breadcrumb"},"inLanguage":"de","potentialAction":[{"@type":"ReadAction","target":["https:\/\/khbr.at\/karriere\/newsarchiv\/"]}]},{"@type":"BreadcrumbList","@id":"https:\/\/khbr.at\/karriere\/newsarchiv\/#breadcrumb","itemListElement":[{"@type":"ListItem","position":1,"name":"Startseite","item":"https:\/\/khbr.at\/karriere\/"},{"@type":"ListItem","position":2,"name":"Newsarchiv"}]},{"@type":"WebSite","@id":"https:\/\/khbr.at\/karriere\/#website","url":"https:\/\/khbr.at\/karriere\/","name":"Krankenhaus Braunau","description":"","publisher":{"@id":"https:\/\/khbr.at\/karriere\/#organization"},"potentialAction":[{"@type":"SearchAction","target":{"@type":"EntryPoint","urlTemplate":"https:\/\/khbr.at\/karriere\/?s={search_term_string}"},"query-input":{"@type":"PropertyValueSpecification","valueRequired":true,"valueName":"search_term_string"}}],"inLanguage":"de"},{"@type":"Organization","@id":"https:\/\/khbr.at\/karriere\/#organization","name":"Krankenhaus Braunau","url":"https:\/\/khbr.at\/karriere\/","logo":{"@type":"ImageObject","inLanguage":"de","@id":"https:\/\/khbr.at\/karriere\/#\/schema\/logo\/image\/","url":"https:\/\/khbr.at\/karriere\/wp-content\/uploads\/2021\/03\/Unbenannt-1.jpg","contentUrl":"https:\/\/khbr.at\/karriere\/wp-content\/uploads\/2021\/03\/Unbenannt-1.jpg","width":600,"height":418,"caption":"Krankenhaus Braunau"},"image":{"@id":"https:\/\/khbr.at\/karriere\/#\/schema\/logo\/image\/"}}]}},"_links":{"self":[{"href":"https:\/\/khbr.at\/karriere\/wp-json\/wp\/v2\/pages\/5871"}],"collection":[{"href":"https:\/\/khbr.at\/karriere\/wp-json\/wp\/v2\/pages"}],"about":[{"href":"https:\/\/khbr.at\/karriere\/wp-json\/wp\/v2\/types\/page"}],"author":[{"embeddable":true,"href":"https:\/\/khbr.at\/karriere\/wp-json\/wp\/v2\/users\/1"}],"replies":[{"embeddable":true,"href":"https:\/\/khbr.at\/karriere\/wp-json\/wp\/v2\/comments?post=5871"}],"version-history":[{"count":5,"href":"https:\/\/khbr.at\/karriere\/wp-json\/wp\/v2\/pages\/5871\/revisions"}],"predecessor-version":[{"id":5877,"href":"https:\/\/khbr.at\/karriere\/wp-json\/wp\/v2\/pages\/5871\/revisions\/5877"}],"wp:attachment":[{"href":"https:\/\/khbr.at\/karriere\/wp-json\/wp\/v2\/media?parent=5871"}],"curies":[{"name":"wp","href":"https:\/\/api.w.org\/{rel}","templated":true}]}}